{"id":1706,"date":"2022-04-29T07:18:16","date_gmt":"2022-04-29T07:18:16","guid":{"rendered":"https:\/\/dockaasbv.nl\/?page_id=1706"},"modified":"2022-05-06T08:48:27","modified_gmt":"2022-05-06T08:48:27","slug":"kollegen-kommen-zu-wort","status":"publish","type":"page","link":"https:\/\/dockaasbv.nl\/de\/wir-als-arbeitgeber\/kollegen-kommen-zu-wort\/","title":{"rendered":"Kollegen kommen zu Wort"},"content":{"rendered":"<section style=\"background-image:linear-gradient(to bottom, rgba(10, 0, 0, 0.2), rgba(10, 0, 0, 0.2)),url(' https:\/\/dockaas.nl\/app\/uploads\/sites\/2\/2022\/04\/2009000937-scaled-e1651136148820.jpg ');background-repeat:no-repeat;background-size:cover;background-position:center;\"\n    class=\"flex items-center\">\n    <div class=\"top-0 left-0 h-full w-full relative px-4\">\n        <div class=\"container mx-auto text-center lg:text-left pt-40\">\n            <div class=\"hero-title\">\n                                <h1 class=\"text-[2.75rem] md:text-[4rem] leading-tight text-white drop-shadow-xl break-words lg:px-8 lg:border-l-[5px] lg:border-secondary\">\n                    <p class=\"text-[2.75rem] md:text-[4rem] leading-tight text-white px-8 border-l-[5px] border-secondary\">Unsere <strong>Kollegen kommen zu Wort<\/strong><\/p>\n\n                <\/h1>\n                                \n                \n            <\/div>\n        <\/div>\n\n                <div class=\"container mx-auto py-6 text-white mt-24\">\n            <p id=\"breadcrumbs\"><span><span><a href=\"https:\/\/dockaasbv.nl\/de\/\">Home<\/a><\/span><\/span><\/p>        <\/div>\n        \n    <\/div>\n<\/section>\n\n\n\n<section class=\"py-24 bg-lighter\">\n    <div class=\"w-full xl:w-[65rem] mx-auto px-4\">\n        <div class=\"w-full xl:w-[44rem] mx-auto mb-10\">\n                <\/div>\n\n        <div class=\"grid gap-6 md:grid-cols-2\">\n            \n                                    <a href=\"https:\/\/dockaasbv.nl\/de\/colleagues\/jan-ensink\/\" class=\"w-full flex flex-col h-[30rem] group\">\n    <div class=\"w-full h-full rounded-xl relative\">\n        <img decoding=\"async\" src=\" https:\/\/dockaas.nl\/app\/uploads\/sites\/2\/2022\/04\/jan-ensink.jpg \" class=\"w-full h-full object-cover rounded-xl\" alt=\"Jan Ensink\" \/>\n        <div class=\"absolute bg-gradient-to-t from-black\/20 to-black\/20 z-[1] w-full h-full top-0 left-0 rounded-xl\"><\/div>\n\n        <div class=\"absolute z-[2] w-full bottom-0 left-0 p-10 flex flex-col gap-4 group-hover:bg-gradient-to-t group-hover:from-black\/70 group-hover:via-black\/70 group-hover:to-transparent rounded-b-xl\">\n            <div class=\"text-white font-bold italic text-2xl\">\n                <p>&#8220;Wir arbeiten hart, aber es gibt auch Raum f\u00fcr Geselligkeit.<\/p>\n\n            <\/div>\n\n                        <button class=\"font-bold px-10 py-3 rounded-2xl flex justify-center w-full xxs:w-max border border-white\/80 text-white group\">\n                Mehr entdecken\n                <svg class=\"w-6 h-6 transition-all opacity-0 -ml-6 -translate-x-6 group-hover:ml-0 group-hover:opacity-100 group-hover:translate-x-2\" \n                aria-hidden=\"true\" focusable=\"false\" data-prefix=\"fal\" data-icon=\"long-arrow-right\" class=\"svg-inline--fa fa-long-arrow-right fa-w-14\" role=\"img\" xmlns=\"http:\/\/www.w3.org\/2000\/svg\" viewBox=\"0 0 448 512\"><path fill=\"currentColor\" d=\"M311.03 131.515l-7.071 7.07c-4.686 4.686-4.686 12.284 0 16.971L387.887 239H12c-6.627 0-12 5.373-12 12v10c0 6.627 5.373 12 12 12h375.887l-83.928 83.444c-4.686 4.686-4.686 12.284 0 16.971l7.071 7.07c4.686 4.686 12.284 4.686 16.97 0l116.485-116c4.686-4.686 4.686-12.284 0-16.971L328 131.515c-4.686-4.687-12.284-4.687-16.97 0z\"><\/path><\/svg>\n            <\/button>\n                    <\/div>\n    <\/div>\n<\/a>                                    <a href=\"https:\/\/dockaasbv.nl\/de\/colleagues\/geke-jonkers\/\" class=\"w-full flex flex-col h-[30rem] group\">\n    <div class=\"w-full h-full rounded-xl relative\">\n        <img decoding=\"async\" src=\" https:\/\/dockaas.nl\/app\/uploads\/sites\/2\/2022\/04\/Geke-jonkers-3-scaled.jpg \" class=\"w-full h-full object-cover rounded-xl\" alt=\"Geke Jonkers\" \/>\n        <div class=\"absolute bg-gradient-to-t from-black\/20 to-black\/20 z-[1] w-full h-full top-0 left-0 rounded-xl\"><\/div>\n\n        <div class=\"absolute z-[2] w-full bottom-0 left-0 p-10 flex flex-col gap-4 group-hover:bg-gradient-to-t group-hover:from-black\/70 group-hover:via-black\/70 group-hover:to-transparent rounded-b-xl\">\n            <div class=\"text-white font-bold italic text-2xl\">\n                <p>&#8220;Ich finde es wertvoll, Teil eines Produktionsprozesses zu sein, in dem wir Menschen &#8216;gl\u00fccklich&#8217; machen k\u00f6nnen.<\/p>\n\n            <\/div>\n\n                        <button class=\"font-bold px-10 py-3 rounded-2xl flex justify-center w-full xxs:w-max border border-white\/80 text-white group\">\n                Mehr entdecken\n                <svg class=\"w-6 h-6 transition-all opacity-0 -ml-6 -translate-x-6 group-hover:ml-0 group-hover:opacity-100 group-hover:translate-x-2\" \n                aria-hidden=\"true\" focusable=\"false\" data-prefix=\"fal\" data-icon=\"long-arrow-right\" class=\"svg-inline--fa fa-long-arrow-right fa-w-14\" role=\"img\" xmlns=\"http:\/\/www.w3.org\/2000\/svg\" viewBox=\"0 0 448 512\"><path fill=\"currentColor\" d=\"M311.03 131.515l-7.071 7.07c-4.686 4.686-4.686 12.284 0 16.971L387.887 239H12c-6.627 0-12 5.373-12 12v10c0 6.627 5.373 12 12 12h375.887l-83.928 83.444c-4.686 4.686-4.686 12.284 0 16.971l7.071 7.07c4.686 4.686 12.284 4.686 16.97 0l116.485-116c4.686-4.686 4.686-12.284 0-16.971L328 131.515c-4.686-4.687-12.284-4.687-16.97 0z\"><\/path><\/svg>\n            <\/button>\n                    <\/div>\n    <\/div>\n<\/a>                                    <a href=\"https:\/\/dockaasbv.nl\/de\/colleagues\/kevin-schreur\/\" class=\"w-full flex flex-col h-[30rem] group\">\n    <div class=\"w-full h-full rounded-xl relative\">\n        <img decoding=\"async\" src=\" https:\/\/dockaas.nl\/app\/uploads\/sites\/2\/2022\/05\/Header-p3-DOC-kaas_0461.jpg \" class=\"w-full h-full object-cover rounded-xl\" alt=\"Kevin Schreur\" \/>\n        <div class=\"absolute bg-gradient-to-t from-black\/20 to-black\/20 z-[1] w-full h-full top-0 left-0 rounded-xl\"><\/div>\n\n        <div class=\"absolute z-[2] w-full bottom-0 left-0 p-10 flex flex-col gap-4 group-hover:bg-gradient-to-t group-hover:from-black\/70 group-hover:via-black\/70 group-hover:to-transparent rounded-b-xl\">\n            <div class=\"text-white font-bold italic text-2xl\">\n                <p>&#8220;Den W\u00fcnschen zuh\u00f6ren und gemeinsam nach einer L\u00f6sung suchen, das zeichnet DOC Kaas f\u00fcr mich aus&#8221;.<\/p>\n\n            <\/div>\n\n                        <button class=\"font-bold px-10 py-3 rounded-2xl flex justify-center w-full xxs:w-max border border-white\/80 text-white group\">\n                Mehr entdecken\n                <svg class=\"w-6 h-6 transition-all opacity-0 -ml-6 -translate-x-6 group-hover:ml-0 group-hover:opacity-100 group-hover:translate-x-2\" \n                aria-hidden=\"true\" focusable=\"false\" data-prefix=\"fal\" data-icon=\"long-arrow-right\" class=\"svg-inline--fa fa-long-arrow-right fa-w-14\" role=\"img\" xmlns=\"http:\/\/www.w3.org\/2000\/svg\" viewBox=\"0 0 448 512\"><path fill=\"currentColor\" d=\"M311.03 131.515l-7.071 7.07c-4.686 4.686-4.686 12.284 0 16.971L387.887 239H12c-6.627 0-12 5.373-12 12v10c0 6.627 5.373 12 12 12h375.887l-83.928 83.444c-4.686 4.686-4.686 12.284 0 16.971l7.071 7.07c4.686 4.686 12.284 4.686 16.97 0l116.485-116c4.686-4.686 4.686-12.284 0-16.971L328 131.515c-4.686-4.687-12.284-4.687-16.97 0z\"><\/path><\/svg>\n            <\/button>\n                    <\/div>\n    <\/div>\n<\/a>                                    <a href=\"https:\/\/dockaasbv.nl\/de\/colleagues\/mandy-broekman\/\" class=\"w-full flex flex-col h-[30rem] group\">\n    <div class=\"w-full h-full rounded-xl relative\">\n        <img decoding=\"async\" src=\" https:\/\/dockaas.nl\/app\/uploads\/sites\/2\/2022\/04\/Mandy-1-scaled.jpg \" class=\"w-full h-full object-cover rounded-xl\" alt=\"Mandy Broekman\" \/>\n        <div class=\"absolute bg-gradient-to-t from-black\/20 to-black\/20 z-[1] w-full h-full top-0 left-0 rounded-xl\"><\/div>\n\n        <div class=\"absolute z-[2] w-full bottom-0 left-0 p-10 flex flex-col gap-4 group-hover:bg-gradient-to-t group-hover:from-black\/70 group-hover:via-black\/70 group-hover:to-transparent rounded-b-xl\">\n            <div class=\"text-white font-bold italic text-2xl\">\n                <p>&#8220;Ich erlebe das DOC Kaas als eine sehr transparente Organisation, in der die Kollegen offen zueinander sind&#8221;.<\/p>\n\n            <\/div>\n\n                        <button class=\"font-bold px-10 py-3 rounded-2xl flex justify-center w-full xxs:w-max border border-white\/80 text-white group\">\n                Mehr entdecken\n                <svg class=\"w-6 h-6 transition-all opacity-0 -ml-6 -translate-x-6 group-hover:ml-0 group-hover:opacity-100 group-hover:translate-x-2\" \n                aria-hidden=\"true\" focusable=\"false\" data-prefix=\"fal\" data-icon=\"long-arrow-right\" class=\"svg-inline--fa fa-long-arrow-right fa-w-14\" role=\"img\" xmlns=\"http:\/\/www.w3.org\/2000\/svg\" viewBox=\"0 0 448 512\"><path fill=\"currentColor\" d=\"M311.03 131.515l-7.071 7.07c-4.686 4.686-4.686 12.284 0 16.971L387.887 239H12c-6.627 0-12 5.373-12 12v10c0 6.627 5.373 12 12 12h375.887l-83.928 83.444c-4.686 4.686-4.686 12.284 0 16.971l7.071 7.07c4.686 4.686 12.284 4.686 16.97 0l116.485-116c4.686-4.686 4.686-12.284 0-16.971L328 131.515c-4.686-4.687-12.284-4.687-16.97 0z\"><\/path><\/svg>\n            <\/button>\n                    <\/div>\n    <\/div>\n<\/a>                    <\/div>\n    <\/div>\n<\/section>\n","protected":false},"excerpt":{"rendered":"","protected":false},"author":4,"featured_media":0,"parent":1059,"menu_order":0,"comment_status":"closed","ping_status":"closed","template":"","meta":{"_acf_changed":false,"footnotes":""},"class_list":["post-1706","page","type-page","status-publish","hentry"],"acf":[],"yoast_head":"<!-- This site is optimized with the Yoast SEO plugin v27.2 - https:\/\/yoast.com\/product\/yoast-seo-wordpress\/ -->\n<title>Kollegen kommen zu Wort &#8211; DOC Kaas B.V.<\/title>\n<meta name=\"description\" content=\"Wir lassen unsere Kollegen zu Wort kommen, damit Sie erfahren, was es bedeutet, bei uns zu arbeiten. Lies schnell weiter.\" \/>\n<meta name=\"robots\" content=\"index, follow, max-snippet:-1, max-image-preview:large, max-video-preview:-1\" \/>\n<link rel=\"canonical\" href=\"https:\/\/dockaasbv.nl\/de\/wir-als-arbeitgeber\/kollegen-kommen-zu-wort\/\" \/>\n<meta property=\"og:locale\" content=\"de_DE\" \/>\n<meta property=\"og:type\" content=\"article\" \/>\n<meta property=\"og:title\" content=\"Kollegen kommen zu Wort &#8211; DOC Kaas B.V.\" \/>\n<meta property=\"og:description\" content=\"Wir lassen unsere Kollegen zu Wort kommen, damit Sie erfahren, was es bedeutet, bei uns zu arbeiten. Lies schnell weiter.\" \/>\n<meta property=\"og:url\" content=\"https:\/\/dockaasbv.nl\/de\/wir-als-arbeitgeber\/kollegen-kommen-zu-wort\/\" \/>\n<meta property=\"og:site_name\" content=\"DOC Kaas B.V.\" \/>\n<meta property=\"article:modified_time\" content=\"2022-05-06T08:48:27+00:00\" \/>\n<meta name=\"twitter:card\" content=\"summary_large_image\" \/>\n<script type=\"application\/ld+json\" class=\"yoast-schema-graph\">{\"@context\":\"https:\/\/schema.org\",\"@graph\":[{\"@type\":\"WebPage\",\"@id\":\"https:\/\/dockaasbv.nl\/de\/wir-als-arbeitgeber\/kollegen-kommen-zu-wort\/\",\"url\":\"https:\/\/dockaasbv.nl\/de\/wir-als-arbeitgeber\/kollegen-kommen-zu-wort\/\",\"name\":\"Kollegen kommen zu Wort &#8211; DOC Kaas B.V.\",\"isPartOf\":{\"@id\":\"https:\/\/dockaasbv.nl\/#website\"},\"datePublished\":\"2022-04-29T07:18:16+00:00\",\"dateModified\":\"2022-05-06T08:48:27+00:00\",\"description\":\"Wir lassen unsere Kollegen zu Wort kommen, damit Sie erfahren, was es bedeutet, bei uns zu arbeiten. Lies schnell weiter.\",\"breadcrumb\":{\"@id\":\"https:\/\/dockaasbv.nl\/de\/wir-als-arbeitgeber\/kollegen-kommen-zu-wort\/#breadcrumb\"},\"inLanguage\":\"de-DE\",\"potentialAction\":[{\"@type\":\"ReadAction\",\"target\":[\"https:\/\/dockaasbv.nl\/de\/wir-als-arbeitgeber\/kollegen-kommen-zu-wort\/\"]}]},{\"@type\":\"BreadcrumbList\",\"@id\":\"https:\/\/dockaasbv.nl\/de\/wir-als-arbeitgeber\/kollegen-kommen-zu-wort\/#breadcrumb\",\"itemListElement\":[{\"@type\":\"ListItem\",\"position\":1,\"name\":\"Home\",\"item\":\"https:\/\/dockaasbv.nl\/de\/\"},{\"@type\":\"ListItem\",\"position\":2,\"name\":\"Wir als Arbeitgeber\",\"item\":\"https:\/\/dockaasbv.nl\/de\/wir-als-arbeitgeber\/\"},{\"@type\":\"ListItem\",\"position\":3,\"name\":\"Kollegen kommen zu Wort\"}]},{\"@type\":\"WebSite\",\"@id\":\"https:\/\/dockaasbv.nl\/#website\",\"url\":\"https:\/\/dockaasbv.nl\/\",\"name\":\"DOC Kaas B.V.\",\"description\":\"Kaasmaken kunnen wij  als geen ander!\",\"publisher\":{\"@id\":\"https:\/\/dockaasbv.nl\/#organization\"},\"potentialAction\":[{\"@type\":\"SearchAction\",\"target\":{\"@type\":\"EntryPoint\",\"urlTemplate\":\"https:\/\/dockaasbv.nl\/?s={search_term_string}\"},\"query-input\":{\"@type\":\"PropertyValueSpecification\",\"valueRequired\":true,\"valueName\":\"search_term_string\"}}],\"inLanguage\":\"de-DE\"},{\"@type\":\"Organization\",\"@id\":\"https:\/\/dockaasbv.nl\/#organization\",\"name\":\"DOC Kaas BV\",\"url\":\"https:\/\/dockaasbv.nl\/\",\"logo\":{\"@type\":\"ImageObject\",\"inLanguage\":\"de-DE\",\"@id\":\"https:\/\/dockaasbv.nl\/#\/schema\/logo\/image\/\",\"url\":\"https:\/\/dockaas.nl\/app\/uploads\/sites\/2\/2022\/04\/favicon.png\",\"contentUrl\":\"https:\/\/dockaas.nl\/app\/uploads\/sites\/2\/2022\/04\/favicon.png\",\"width\":500,\"height\":500,\"caption\":\"DOC Kaas BV\"},\"image\":{\"@id\":\"https:\/\/dockaasbv.nl\/#\/schema\/logo\/image\/\"}}]}<\/script>\n<!-- \/ Yoast SEO plugin. -->","yoast_head_json":{"title":"Kollegen kommen zu Wort &#8211; DOC Kaas B.V.","description":"Wir lassen unsere Kollegen zu Wort kommen, damit Sie erfahren, was es bedeutet, bei uns zu arbeiten. Lies schnell weiter.","robots":{"index":"index","follow":"follow","max-snippet":"max-snippet:-1","max-image-preview":"max-image-preview:large","max-video-preview":"max-video-preview:-1"},"canonical":"https:\/\/dockaasbv.nl\/de\/wir-als-arbeitgeber\/kollegen-kommen-zu-wort\/","og_locale":"de_DE","og_type":"article","og_title":"Kollegen kommen zu Wort &#8211; DOC Kaas B.V.","og_description":"Wir lassen unsere Kollegen zu Wort kommen, damit Sie erfahren, was es bedeutet, bei uns zu arbeiten. Lies schnell weiter.","og_url":"https:\/\/dockaasbv.nl\/de\/wir-als-arbeitgeber\/kollegen-kommen-zu-wort\/","og_site_name":"DOC Kaas B.V.","article_modified_time":"2022-05-06T08:48:27+00:00","twitter_card":"summary_large_image","schema":{"@context":"https:\/\/schema.org","@graph":[{"@type":"WebPage","@id":"https:\/\/dockaasbv.nl\/de\/wir-als-arbeitgeber\/kollegen-kommen-zu-wort\/","url":"https:\/\/dockaasbv.nl\/de\/wir-als-arbeitgeber\/kollegen-kommen-zu-wort\/","name":"Kollegen kommen zu Wort &#8211; DOC Kaas B.V.","isPartOf":{"@id":"https:\/\/dockaasbv.nl\/#website"},"datePublished":"2022-04-29T07:18:16+00:00","dateModified":"2022-05-06T08:48:27+00:00","description":"Wir lassen unsere Kollegen zu Wort kommen, damit Sie erfahren, was es bedeutet, bei uns zu arbeiten. Lies schnell weiter.","breadcrumb":{"@id":"https:\/\/dockaasbv.nl\/de\/wir-als-arbeitgeber\/kollegen-kommen-zu-wort\/#breadcrumb"},"inLanguage":"de-DE","potentialAction":[{"@type":"ReadAction","target":["https:\/\/dockaasbv.nl\/de\/wir-als-arbeitgeber\/kollegen-kommen-zu-wort\/"]}]},{"@type":"BreadcrumbList","@id":"https:\/\/dockaasbv.nl\/de\/wir-als-arbeitgeber\/kollegen-kommen-zu-wort\/#breadcrumb","itemListElement":[{"@type":"ListItem","position":1,"name":"Home","item":"https:\/\/dockaasbv.nl\/de\/"},{"@type":"ListItem","position":2,"name":"Wir als Arbeitgeber","item":"https:\/\/dockaasbv.nl\/de\/wir-als-arbeitgeber\/"},{"@type":"ListItem","position":3,"name":"Kollegen kommen zu Wort"}]},{"@type":"WebSite","@id":"https:\/\/dockaasbv.nl\/#website","url":"https:\/\/dockaasbv.nl\/","name":"DOC Kaas B.V.","description":"Kaasmaken kunnen wij  als geen ander!","publisher":{"@id":"https:\/\/dockaasbv.nl\/#organization"},"potentialAction":[{"@type":"SearchAction","target":{"@type":"EntryPoint","urlTemplate":"https:\/\/dockaasbv.nl\/?s={search_term_string}"},"query-input":{"@type":"PropertyValueSpecification","valueRequired":true,"valueName":"search_term_string"}}],"inLanguage":"de-DE"},{"@type":"Organization","@id":"https:\/\/dockaasbv.nl\/#organization","name":"DOC Kaas BV","url":"https:\/\/dockaasbv.nl\/","logo":{"@type":"ImageObject","inLanguage":"de-DE","@id":"https:\/\/dockaasbv.nl\/#\/schema\/logo\/image\/","url":"https:\/\/dockaas.nl\/app\/uploads\/sites\/2\/2022\/04\/favicon.png","contentUrl":"https:\/\/dockaas.nl\/app\/uploads\/sites\/2\/2022\/04\/favicon.png","width":500,"height":500,"caption":"DOC Kaas BV"},"image":{"@id":"https:\/\/dockaasbv.nl\/#\/schema\/logo\/image\/"}}]}},"_links":{"self":[{"href":"https:\/\/dockaasbv.nl\/de\/wp-json\/wp\/v2\/pages\/1706","targetHints":{"allow":["GET"]}}],"collection":[{"href":"https:\/\/dockaasbv.nl\/de\/wp-json\/wp\/v2\/pages"}],"about":[{"href":"https:\/\/dockaasbv.nl\/de\/wp-json\/wp\/v2\/types\/page"}],"author":[{"embeddable":true,"href":"https:\/\/dockaasbv.nl\/de\/wp-json\/wp\/v2\/users\/4"}],"replies":[{"embeddable":true,"href":"https:\/\/dockaasbv.nl\/de\/wp-json\/wp\/v2\/comments?post=1706"}],"version-history":[{"count":4,"href":"https:\/\/dockaasbv.nl\/de\/wp-json\/wp\/v2\/pages\/1706\/revisions"}],"predecessor-version":[{"id":2691,"href":"https:\/\/dockaasbv.nl\/de\/wp-json\/wp\/v2\/pages\/1706\/revisions\/2691"}],"up":[{"embeddable":true,"href":"https:\/\/dockaasbv.nl\/de\/wp-json\/wp\/v2\/pages\/1059"}],"wp:attachment":[{"href":"https:\/\/dockaasbv.nl\/de\/wp-json\/wp\/v2\/media?parent=1706"}],"curies":[{"name":"wp","href":"https:\/\/api.w.org\/{rel}","templated":true}]}}