{"id":1718,"date":"2022-04-29T07:11:20","date_gmt":"2022-04-29T07:11:20","guid":{"rendered":"https:\/\/dockaasbv.nl\/?page_id=1718"},"modified":"2022-05-11T11:46:13","modified_gmt":"2022-05-11T11:46:13","slug":"warum-mit-uns-arbeiten","status":"publish","type":"page","link":"https:\/\/dockaasbv.nl\/de\/wir-als-arbeitgeber\/warum-mit-uns-arbeiten\/","title":{"rendered":"Warum mit uns arbeiten"},"content":{"rendered":"<section style=\"background-image:linear-gradient(to bottom, rgba(17, 0, 0, 0.35), rgba(17, 0, 0, 0.35)),url(' https:\/\/dockaas.nl\/app\/uploads\/sites\/2\/2022\/05\/Header-p5-Jan-Ensink-2-v2-kopie1.jpg ');background-repeat:no-repeat;background-size:cover;background-position:center;\"\n    class=\"flex items-center\">\n    <div class=\"top-0 left-0 h-full w-full relative px-4\">\n        <div class=\"container mx-auto text-center lg:text-left pt-40\">\n            <div class=\"hero-title\">\n                                <h1 class=\"text-[2.75rem] md:text-[4rem] leading-tight text-white drop-shadow-xl break-words lg:px-8 lg:border-l-[5px] lg:border-secondary\">\n                    <p>Warum <strong>mit uns arbeiten<\/strong><\/p>\n\n                <\/h1>\n                                \n                \n            <\/div>\n        <\/div>\n\n                <div class=\"container mx-auto py-6 text-white mt-24\">\n            <p id=\"breadcrumbs\"><span><span><a href=\"https:\/\/dockaasbv.nl\/de\/\">Home<\/a><\/span><\/span><\/p>        <\/div>\n        \n    <\/div>\n<\/section>\n\n\n\n<section  class=\"py-16 bg-light\">\n                 \n    <div class=\"flex flex-col gap-10 lg:w-[55rem] px-4 m-auto\">\n                <div class=\"text-primary-light relative after:content[''] after:h-0.5 after:w-24 after:bg-secondary after:absolute after:mt-2 leading-tight break-normal title text-5xl\">\n            <p>Warum <strong>mit uns arbeiten<\/strong><\/p>\n\n        <\/div>\n        \n                <div class=\"text-primary-dark font-light text-2xl leading-normal\">\n            <p>Als gr\u00f6\u00dfte Molkereigenossenschaft in Deutschland besch\u00e4ftigt die DMK-Gruppe mehrere tausend Mitarbeiter. DOC Kaas, die gr\u00f6\u00dfte niederl\u00e4ndische Tochtergesellschaft, besch\u00e4ftigt rund 260 Mitarbeiter.<\/p>\n<p>&nbsp;<\/p>\n<p>Es ist uns wichtig, dass sich unsere Mitarbeiter bei der Arbeit wohlf\u00fchlen. Das Arbeitsumfeld sollte sie anregen und ihnen erm\u00f6glichen, sich auf das Wesentliche zu konzentrieren.<\/p>\n<p>&nbsp;<\/p>\n\n        <\/div>\n        \n            <\/div>\n\n            <\/section>\n\n\n<section  class=\"py-16 bg-lighter\">\n                 \n    <div class=\"w-full lg:w-[55rem] flex flex-col gap-6 content px-4 m-auto\">\n\n        \n                <div class=\"text-grey leading-7 font-light small\">\n            <p>Unsere Produktionsanlagen sind gro\u00df. Dennoch sind wir klein genug, um pers\u00f6nlich zu bleiben. Unsere Kultur der pers\u00f6nlichen Aufmerksamkeit \u2013 f\u00fcr unsere Kunden und Mitarbeiter \u2013 liegt uns sehr am Herzen. Unsere Kunden sch\u00e4tzen nicht nur die Qualit\u00e4t unseres K\u00e4ses, sondern auch unsere Mentalit\u00e4t: DOC Kaas ist ein bodenst\u00e4ndiges Unternehmen, dessen Mitarbeiter einander kennen und eng zusammenarbeiten.<\/p>\n<p>Wir zeichnen uns durch Wissen, Fachkompetenz und kontinuierliche Innovation aus. Dadurch wissen wir wie kein anderer, wie man die schmackhaftesten Rezepturen entwickelt und den besten K\u00e4se produziert. Dabei ist uns nicht nur die Qualit\u00e4t wichtig, sondern auch das Wohlergehen unserer Mitarbeiter und der Umweltschutz.<\/p>\n<p>&nbsp;<\/p>\n<p>Sicherheit geht vor und zieht sich wie ein roter Faden durch unsere Organisation. Die Gew\u00e4hrleistung der Sicherheit unserer Arbeitnehmer ist ein integrierter Bestandteil unserer betrieblichen Prozesse. F\u00fcr die Sicherheit am Arbeitsplatz sind wir alle gemeinsam verantwortlich. Darum f\u00f6rdern wir das Bewusstsein f\u00fcr dieses Thema in unserer gesamten Organisation.<\/p>\n<p>&nbsp;<\/p>\n<p>Der weiteren \u00d6kologisierung des Produktionsprozesses gilt bei DOC KAAS B.V. st\u00e4ndige Aufmerksamkeit. Nachhaltige Energie, Einschr\u00e4nkung des Verbrauchs fossiler Brennstoffe, Restw\u00e4rmer\u00fcckgewinnung, Abwasserkl\u00e4rung und Abfalltrennung sind selbstverst\u00e4ndlich Bestandteil unserer Arbeitsweise. Dabei suchen wir st\u00e4ndig nach Verbesserungsm\u00f6glichkeiten.<\/p>\n\n        <\/div>\n        \n                <div class=\"mt-4 flex flex-wrap items-center gap-6\">\n            <a href=\"https:\/\/dockaasbv.nl\/de\/wichtig-fur-uns\/\" class=\"text-white bg-primary-light font-bold px-10 py-3 rounded-2xl flex justify-center w-full xs:w-max group shadow\" target=\"\">\n    Wichtig f\u00fcr uns\n        <svg class=\"w-6 h-6 transition-all opacity-0 -ml-6 -translate-x-6 group-hover:ml-0 group-hover:opacity-100 group-hover:translate-x-2\"\n            aria-hidden=\"true\" focusable=\"false\" data-prefix=\"fal\" data-icon=\"long-arrow-right\" class=\"svg-inline--fa fa-long-arrow-right fa-w-14\" role=\"img\" xmlns=\"http:\/\/www.w3.org\/2000\/svg\" viewBox=\"0 0 448 512\"><path fill=\"currentColor\" d=\"M311.03 131.515l-7.071 7.07c-4.686 4.686-4.686 12.284 0 16.971L387.887 239H12c-6.627 0-12 5.373-12 12v10c0 6.627 5.373 12 12 12h375.887l-83.928 83.444c-4.686 4.686-4.686 12.284 0 16.971l7.071 7.07c4.686 4.686 12.284 4.686 16.97 0l116.485-116c4.686-4.686 4.686-12.284 0-16.971L328 131.515c-4.686-4.687-12.284-4.687-16.97 0z\"><\/path><\/svg>\n<\/a>\n\n    \n        \n        \n        \n    <a href=\"https:\/\/dockaasbv.nl\/de\/category\/vacancies\/\" class=\"text-white bg-primary-light font-bold px-10 py-3 rounded-2xl flex justify-center w-full xs:w-max group shadow\" target=\"\">\n    Freie stellen\n        <svg class=\"w-6 h-6 transition-all opacity-0 -ml-6 -translate-x-6 group-hover:ml-0 group-hover:opacity-100 group-hover:translate-x-2\"\n            aria-hidden=\"true\" focusable=\"false\" data-prefix=\"fal\" data-icon=\"long-arrow-right\" class=\"svg-inline--fa fa-long-arrow-right fa-w-14\" role=\"img\" xmlns=\"http:\/\/www.w3.org\/2000\/svg\" viewBox=\"0 0 448 512\"><path fill=\"currentColor\" d=\"M311.03 131.515l-7.071 7.07c-4.686 4.686-4.686 12.284 0 16.971L387.887 239H12c-6.627 0-12 5.373-12 12v10c0 6.627 5.373 12 12 12h375.887l-83.928 83.444c-4.686 4.686-4.686 12.284 0 16.971l7.071 7.07c4.686 4.686 12.284 4.686 16.97 0l116.485-116c4.686-4.686 4.686-12.284 0-16.971L328 131.515c-4.686-4.687-12.284-4.687-16.97 0z\"><\/path><\/svg>\n<\/a>\n\n    \n        \n            <\/div>\n        \n            <\/div>\n\n            <\/section>\n","protected":false},"excerpt":{"rendered":"","protected":false},"author":4,"featured_media":0,"parent":1059,"menu_order":0,"comment_status":"closed","ping_status":"closed","template":"","meta":{"_acf_changed":false,"footnotes":""},"class_list":["post-1718","page","type-page","status-publish","hentry"],"acf":[],"yoast_head":"<!-- This site is optimized with the Yoast SEO plugin v27.2 - https:\/\/yoast.com\/product\/yoast-seo-wordpress\/ -->\n<title>Warum mit uns arbeiten &#8211; DOC Kaas B.V.<\/title>\n<meta name=\"description\" content=\"Warum mit uns arbeiten? Pers\u00f6nlichkeit, Qualit\u00e4t, Innovation und mehr Gr\u00fcnde. Wollen Sie alle Gr\u00fcnde wissen? Dann lesen Sie schnell weiter.\" \/>\n<meta name=\"robots\" content=\"index, follow, max-snippet:-1, max-image-preview:large, max-video-preview:-1\" \/>\n<link rel=\"canonical\" href=\"https:\/\/dockaasbv.nl\/de\/wir-als-arbeitgeber\/warum-mit-uns-arbeiten\/\" \/>\n<meta property=\"og:locale\" content=\"de_DE\" \/>\n<meta property=\"og:type\" content=\"article\" \/>\n<meta property=\"og:title\" content=\"Warum mit uns arbeiten &#8211; DOC Kaas B.V.\" \/>\n<meta property=\"og:description\" content=\"Warum mit uns arbeiten? Pers\u00f6nlichkeit, Qualit\u00e4t, Innovation und mehr Gr\u00fcnde. Wollen Sie alle Gr\u00fcnde wissen? Dann lesen Sie schnell weiter.\" \/>\n<meta property=\"og:url\" content=\"https:\/\/dockaasbv.nl\/de\/wir-als-arbeitgeber\/warum-mit-uns-arbeiten\/\" \/>\n<meta property=\"og:site_name\" content=\"DOC Kaas B.V.\" \/>\n<meta property=\"article:modified_time\" content=\"2022-05-11T11:46:13+00:00\" \/>\n<meta name=\"twitter:card\" content=\"summary_large_image\" \/>\n<script type=\"application\/ld+json\" class=\"yoast-schema-graph\">{\"@context\":\"https:\/\/schema.org\",\"@graph\":[{\"@type\":\"WebPage\",\"@id\":\"https:\/\/dockaasbv.nl\/de\/wir-als-arbeitgeber\/warum-mit-uns-arbeiten\/\",\"url\":\"https:\/\/dockaasbv.nl\/de\/wir-als-arbeitgeber\/warum-mit-uns-arbeiten\/\",\"name\":\"Warum mit uns arbeiten &#8211; DOC Kaas B.V.\",\"isPartOf\":{\"@id\":\"https:\/\/dockaasbv.nl\/#website\"},\"datePublished\":\"2022-04-29T07:11:20+00:00\",\"dateModified\":\"2022-05-11T11:46:13+00:00\",\"description\":\"Warum mit uns arbeiten? Pers\u00f6nlichkeit, Qualit\u00e4t, Innovation und mehr Gr\u00fcnde. Wollen Sie alle Gr\u00fcnde wissen? Dann lesen Sie schnell weiter.\",\"breadcrumb\":{\"@id\":\"https:\/\/dockaasbv.nl\/de\/wir-als-arbeitgeber\/warum-mit-uns-arbeiten\/#breadcrumb\"},\"inLanguage\":\"de-DE\",\"potentialAction\":[{\"@type\":\"ReadAction\",\"target\":[\"https:\/\/dockaasbv.nl\/de\/wir-als-arbeitgeber\/warum-mit-uns-arbeiten\/\"]}]},{\"@type\":\"BreadcrumbList\",\"@id\":\"https:\/\/dockaasbv.nl\/de\/wir-als-arbeitgeber\/warum-mit-uns-arbeiten\/#breadcrumb\",\"itemListElement\":[{\"@type\":\"ListItem\",\"position\":1,\"name\":\"Home\",\"item\":\"https:\/\/dockaasbv.nl\/de\/\"},{\"@type\":\"ListItem\",\"position\":2,\"name\":\"Wir als Arbeitgeber\",\"item\":\"https:\/\/dockaasbv.nl\/de\/wir-als-arbeitgeber\/\"},{\"@type\":\"ListItem\",\"position\":3,\"name\":\"Warum mit uns arbeiten\"}]},{\"@type\":\"WebSite\",\"@id\":\"https:\/\/dockaasbv.nl\/#website\",\"url\":\"https:\/\/dockaasbv.nl\/\",\"name\":\"DOC Kaas B.V.\",\"description\":\"Kaasmaken kunnen wij  als geen ander!\",\"publisher\":{\"@id\":\"https:\/\/dockaasbv.nl\/#organization\"},\"potentialAction\":[{\"@type\":\"SearchAction\",\"target\":{\"@type\":\"EntryPoint\",\"urlTemplate\":\"https:\/\/dockaasbv.nl\/?s={search_term_string}\"},\"query-input\":{\"@type\":\"PropertyValueSpecification\",\"valueRequired\":true,\"valueName\":\"search_term_string\"}}],\"inLanguage\":\"de-DE\"},{\"@type\":\"Organization\",\"@id\":\"https:\/\/dockaasbv.nl\/#organization\",\"name\":\"DOC Kaas BV\",\"url\":\"https:\/\/dockaasbv.nl\/\",\"logo\":{\"@type\":\"ImageObject\",\"inLanguage\":\"de-DE\",\"@id\":\"https:\/\/dockaasbv.nl\/#\/schema\/logo\/image\/\",\"url\":\"https:\/\/dockaas.nl\/app\/uploads\/sites\/2\/2022\/04\/favicon.png\",\"contentUrl\":\"https:\/\/dockaas.nl\/app\/uploads\/sites\/2\/2022\/04\/favicon.png\",\"width\":500,\"height\":500,\"caption\":\"DOC Kaas BV\"},\"image\":{\"@id\":\"https:\/\/dockaasbv.nl\/#\/schema\/logo\/image\/\"}}]}<\/script>\n<!-- \/ Yoast SEO plugin. -->","yoast_head_json":{"title":"Warum mit uns arbeiten &#8211; DOC Kaas B.V.","description":"Warum mit uns arbeiten? Pers\u00f6nlichkeit, Qualit\u00e4t, Innovation und mehr Gr\u00fcnde. Wollen Sie alle Gr\u00fcnde wissen? Dann lesen Sie schnell weiter.","robots":{"index":"index","follow":"follow","max-snippet":"max-snippet:-1","max-image-preview":"max-image-preview:large","max-video-preview":"max-video-preview:-1"},"canonical":"https:\/\/dockaasbv.nl\/de\/wir-als-arbeitgeber\/warum-mit-uns-arbeiten\/","og_locale":"de_DE","og_type":"article","og_title":"Warum mit uns arbeiten &#8211; DOC Kaas B.V.","og_description":"Warum mit uns arbeiten? Pers\u00f6nlichkeit, Qualit\u00e4t, Innovation und mehr Gr\u00fcnde. Wollen Sie alle Gr\u00fcnde wissen? Dann lesen Sie schnell weiter.","og_url":"https:\/\/dockaasbv.nl\/de\/wir-als-arbeitgeber\/warum-mit-uns-arbeiten\/","og_site_name":"DOC Kaas B.V.","article_modified_time":"2022-05-11T11:46:13+00:00","twitter_card":"summary_large_image","schema":{"@context":"https:\/\/schema.org","@graph":[{"@type":"WebPage","@id":"https:\/\/dockaasbv.nl\/de\/wir-als-arbeitgeber\/warum-mit-uns-arbeiten\/","url":"https:\/\/dockaasbv.nl\/de\/wir-als-arbeitgeber\/warum-mit-uns-arbeiten\/","name":"Warum mit uns arbeiten &#8211; DOC Kaas B.V.","isPartOf":{"@id":"https:\/\/dockaasbv.nl\/#website"},"datePublished":"2022-04-29T07:11:20+00:00","dateModified":"2022-05-11T11:46:13+00:00","description":"Warum mit uns arbeiten? Pers\u00f6nlichkeit, Qualit\u00e4t, Innovation und mehr Gr\u00fcnde. Wollen Sie alle Gr\u00fcnde wissen? Dann lesen Sie schnell weiter.","breadcrumb":{"@id":"https:\/\/dockaasbv.nl\/de\/wir-als-arbeitgeber\/warum-mit-uns-arbeiten\/#breadcrumb"},"inLanguage":"de-DE","potentialAction":[{"@type":"ReadAction","target":["https:\/\/dockaasbv.nl\/de\/wir-als-arbeitgeber\/warum-mit-uns-arbeiten\/"]}]},{"@type":"BreadcrumbList","@id":"https:\/\/dockaasbv.nl\/de\/wir-als-arbeitgeber\/warum-mit-uns-arbeiten\/#breadcrumb","itemListElement":[{"@type":"ListItem","position":1,"name":"Home","item":"https:\/\/dockaasbv.nl\/de\/"},{"@type":"ListItem","position":2,"name":"Wir als Arbeitgeber","item":"https:\/\/dockaasbv.nl\/de\/wir-als-arbeitgeber\/"},{"@type":"ListItem","position":3,"name":"Warum mit uns arbeiten"}]},{"@type":"WebSite","@id":"https:\/\/dockaasbv.nl\/#website","url":"https:\/\/dockaasbv.nl\/","name":"DOC Kaas B.V.","description":"Kaasmaken kunnen wij  als geen ander!","publisher":{"@id":"https:\/\/dockaasbv.nl\/#organization"},"potentialAction":[{"@type":"SearchAction","target":{"@type":"EntryPoint","urlTemplate":"https:\/\/dockaasbv.nl\/?s={search_term_string}"},"query-input":{"@type":"PropertyValueSpecification","valueRequired":true,"valueName":"search_term_string"}}],"inLanguage":"de-DE"},{"@type":"Organization","@id":"https:\/\/dockaasbv.nl\/#organization","name":"DOC Kaas BV","url":"https:\/\/dockaasbv.nl\/","logo":{"@type":"ImageObject","inLanguage":"de-DE","@id":"https:\/\/dockaasbv.nl\/#\/schema\/logo\/image\/","url":"https:\/\/dockaas.nl\/app\/uploads\/sites\/2\/2022\/04\/favicon.png","contentUrl":"https:\/\/dockaas.nl\/app\/uploads\/sites\/2\/2022\/04\/favicon.png","width":500,"height":500,"caption":"DOC Kaas BV"},"image":{"@id":"https:\/\/dockaasbv.nl\/#\/schema\/logo\/image\/"}}]}},"_links":{"self":[{"href":"https:\/\/dockaasbv.nl\/de\/wp-json\/wp\/v2\/pages\/1718","targetHints":{"allow":["GET"]}}],"collection":[{"href":"https:\/\/dockaasbv.nl\/de\/wp-json\/wp\/v2\/pages"}],"about":[{"href":"https:\/\/dockaasbv.nl\/de\/wp-json\/wp\/v2\/types\/page"}],"author":[{"embeddable":true,"href":"https:\/\/dockaasbv.nl\/de\/wp-json\/wp\/v2\/users\/4"}],"replies":[{"embeddable":true,"href":"https:\/\/dockaasbv.nl\/de\/wp-json\/wp\/v2\/comments?post=1718"}],"version-history":[{"count":15,"href":"https:\/\/dockaasbv.nl\/de\/wp-json\/wp\/v2\/pages\/1718\/revisions"}],"predecessor-version":[{"id":2934,"href":"https:\/\/dockaasbv.nl\/de\/wp-json\/wp\/v2\/pages\/1718\/revisions\/2934"}],"up":[{"embeddable":true,"href":"https:\/\/dockaasbv.nl\/de\/wp-json\/wp\/v2\/pages\/1059"}],"wp:attachment":[{"href":"https:\/\/dockaasbv.nl\/de\/wp-json\/wp\/v2\/media?parent=1718"}],"curies":[{"name":"wp","href":"https:\/\/api.w.org\/{rel}","templated":true}]}}