{"id":2758,"date":"2022-05-06T13:20:22","date_gmt":"2022-05-06T13:20:22","guid":{"rendered":"https:\/\/dockaasbv.nl\/?page_id=2758"},"modified":"2022-05-06T13:32:17","modified_gmt":"2022-05-06T13:32:17","slug":"datenschutzerklaerung","status":"publish","type":"page","link":"https:\/\/dockaasbv.nl\/de\/datenschutzerklaerung\/","title":{"rendered":"Datenschutzerkl\u00e4rung"},"content":{"rendered":"<section  class=\"py-16 bg-lighter\">\n                 \n    <div class=\"w-full lg:w-[55rem] flex flex-col gap-6 content px-4 m-auto\">\n\n                <div class=\"text-primary-light text-[2.75rem] relative after:content[''] after:h-0.5 after:w-24 after:bg-secondary after:absolute after:mt-2 leading-tight break-normal title\">\n            <p><strong>Datenschutzerkl\u00e4rung<\/strong><\/p>\n\n        <\/div>\n        \n                <div class=\"text-grey leading-7 font-light large\">\n            <p><em><strong>Verarbeitung personenbezogener Daten<\/strong><\/em><\/p>\n<p>DOC Kaas GmbH kann Ihre pers\u00f6nlichen Daten verarbeiten, weil Sie die Dienste von DOC Kaas GmbH nutzen und\/oder weil Sie Ihre pers\u00f6nliche Daten in einem Kontaktformular auf der Website von DOC Kaas GmbH eingegeben haben. DOC Kaas GmbH kann die folgenden pers\u00f6nlichen Daten verarbeiten:<\/p>\n<p>&nbsp;<\/p>\n<ul>\n<li>Ihr Vor- und Nachname<\/li>\n<li>Ihre Adressdaten<\/li>\n<li>Ihre Telefonnummer<\/li>\n<li>Ihre E-Mail-Adresse<\/li>\n<li>Ihre IP-Adresse<\/li>\n<\/ul>\n<p>&nbsp;<\/p>\n<p><em><strong>Warum DOC Kaas GmbH die Daten ben\u00f6tigt?<\/strong><\/em><\/p>\n<p>DOC Kaas GmbH verarbeitet Ihre pers\u00f6nlichen Daten, um Sie telefonisch zu kontaktieren, wenn Sie es w\u00fcnschen und\/oder um Sie schriftlich (per E-Mail und \/oder per Post) erreichen zu k\u00f6nnen, wenn Sie telefonisch nicht erreichbar sind. Dazu kann DOC Kaas GmbH Ihre Person bezogenen Daten im Rahmen einer mit Ihnen abgeschlossenen Vereinbarung nutzen.<\/p>\n<p>&nbsp;<\/p>\n<p><em><strong>Wie lange DOC Kaas GmbH die Daten speichert?<\/strong><\/em><\/p>\n<p>DOC Kaas GmbH speichert Ihre personenbezogenen Daten nicht l\u00e4nger als unbedingt erforderlich, um die Ziel zu erreichen, f\u00fcr die Ihre Daten erhoben werden. Ihre Daten werden nicht l\u00e4nger als ein Jahr gespeichert, wenn keine Einigung mit Ihnen erzielt wird.<\/p>\n<p>&nbsp;<\/p>\n<p><em><strong>Mit anderen teilen<\/strong><\/em><\/p>\n<p>DOC Kaas GmbH gibt Ihre pers\u00f6nlichen Daten nur an Dritte weiter, wenn dies erforderlich ist \u00a0f\u00fcr die Durchf\u00fchrung eines Vertrages mit Ihnen oder zur Erf\u00fcllung einer gesetzlichen Verpflichtung.<\/p>\n<p>&nbsp;<\/p>\n<p><em><strong>Ermittlung von website-besuch<\/strong><\/em><\/p>\n<p>Auf der Website von DOC Kaas GmbH werden allgemeine Besucherdaten gespeichert, einschlie\u00dflich der IP-Adresse Ihres Computers und dem Zeitpunkt des Abrufs der Daten, die Ihr Browser sendet. Diese Daten werden zur Analyse des Besucher- und Klickverhaltens auf der Website verwendet. DOC Kaas GmbH nutzt diese Informationen, um das Funktionieren der Website zu verbessern. Diese Daten werden anonym wie m\u00f6glich gemacht und nicht an Dritte weitergegeben.<\/p>\n<p>&nbsp;<\/p>\n<p><em><b>Google <\/b><strong>Analytics<\/strong><\/em><\/p>\n<p>DOC Kaas GmbH verwendet Google Analytics, um zu verfolgen, wie Nutzer die Website nutzen. Die erhaltenen Informationen einschlie\u00dflich der Adresse Ihres Computers (IP-Adresse) wird an Google gesendet. Google speichert die Daten auf Servern in den USA. Lesen Sie die Datenschutzerkl\u00e4rung von Google f\u00fcr weitere Informationen. Sie finden die Google Analytics-Datenschutzerkl\u00e4rung hier. Google verwendet diese Informationen, um zu verfolgen, wie unsere Website genutzt wird, DOC Kaas GmbH \u00fcber die Website zu berichten und um Werbetreibenden Informationen \u00fcber die Effektivit\u00e4t ihrer Kampagnen zu liefern. Google kann diese Informationen an Dritte weitergeben wenn Google dazu gesetzlich verpflichtet ist oder wenn Dritte diese Informationen im Auftrag von Google verarbeiten. DOC Kaas GmbH hat keinen Einfluss darauf. DOC Kaas GmbH hat Google nicht die Erlaubnis gegeben, Google Analytics f\u00fcr andere Google Dienste zu nutzen.<\/p>\n<p>&nbsp;<\/p>\n<p><em><strong>Soziale Medien<\/strong><\/em><\/p>\n<p>Auf dieser Website sogenannte \u2018Tasten\u2018 benutzt um andere Seiten wie Facebook, Twitter, LinkedIn und Instagram vorschlagen zu k\u00f6nnen. Diese Tasten werden hergestellt \u00fcber eine Code der vom Sozial Medium selber geliefert wird. Dieser Code schickt unter anderem ein Cookie.<\/p>\n<p>Bitte lesen Sie die Datenschutzerkl\u00e4rungen von Facebook, Twitter, LinkedIn und Instagram selbst Um zu \u00fcberwachen was mit Ihre pers\u00f6nliche Daten passiert die Sie mittels dieser Code verarbeiten.<\/p>\n<p>&nbsp;<\/p>\n<p><em><strong>Newsletter<\/strong><\/em><\/p>\n<p>Wir bieten an Interessanten ein Newsletter, der Sie informiert \u00fcber Neuigkeiten in unserer Firma, sowie in der Branche, und \u00fcber Dientleistungen und zus\u00e4tzliche Sachen. Ihre E-mailadresse wird nur mit Ihrem explizitem Erlaubnis an unsere Kundenliste beigef\u00fcgt. Im Newsletter befindet sich ein Link, mit dem Sie sich zur jeder Zeit abmelden k\u00f6nnen. Dieser Abbonentenliste wird nicht an Drittparteien weitergegeben.<\/p>\n<p>&nbsp;<\/p>\n<p><em><strong>Verwendung von Cookies<\/strong><\/em><\/p>\n<p>Cookies sind Textdateien, die Informationen enthalten, um wiederkehrende Besucher ausslie\u00dflich f\u00fcr die Dauer des Besuches auf unseren Internetseiten zu identifizieren. Cookies werden auf der Festplatte Ihres Computers abgespeichert und richten dort keinen Schaden an. Die Cookies unserer Internetseiten enthalten keinerlei pers\u00f6nliche Daten \u00fcber Sie. Es dient den Einstellungen und Pr\u00e4farenzen um zu erinnern.<\/p>\n<p>Wenn Sie es w\u00fcnschen, k\u00f6nnen Sie die Verwendung von Cookies jederzeit \u00fcber die Einstellungen Ihres Browsers deaktivieren. Bitte verwenden Sie die Hilfefunktionen Ihres Internetbrowsers, um zu erfahren, wie Sie diese Einstellungen \u00e4ndern k\u00f6nnen.<\/p>\n<p>&nbsp;<\/p>\n<p><em><strong>Daten anzeigen, \u00e4ndern oder l\u00f6schen<\/strong><\/em><\/p>\n<p>Sie haben das Recht, Ihre pers\u00f6nlichen Daten einzusehen, zu korrigieren oder zu l\u00f6schen. Sie k\u00f6nnen eine Anfrage auf Zugang, Korrektur oder L\u00f6schung an <a href=\"mailto:info@dockaas.nl\">info@dockaas.nl<\/a> senden.<br \/>\nDOC Kaas GmbH wird so schnell wie m\u00f6glich innerhalb von vier Wochen auf Ihre Anfrage antworten.<\/p>\n<p>&nbsp;<\/p>\n<p><em><strong>Sichern<\/strong><\/em><\/p>\n<p>DOC Kaas GmbH nimmt den Schutz Ihrer Daten ernst und ergreift geeignete Ma\u00dfnahmen, um Missbrauch, Verlust, unbefugten Zugriff, unerw\u00fcnschte Offenlegung und nicht autorisierte \u00c4nderungen zu verhindern. Die Website von DOC Kaas GmbH verwendet ein zuverl\u00e4ssiges SSL-Zertifikat, um sicherzustellen, dass Ihre pers\u00f6nlichen Daten nicht in falsche H\u00e4nde geraten. Wenn Sie den Eindruck haben, dass Ihre Daten nicht sicher sind oder Anzeichen f\u00fcr Missbrauch vorliegen oder wenn Sie mehr Informationen \u00fcber die Sicherheit der gesammelten pers\u00f6nlichen Daten w\u00fcnschen, kontaktieren Sie bitte DOC Kaas GmbH \u00fcber <a href=\"mailto:info@dockaas.nl\">info@dockaas.nl<\/a>.<\/p>\n<p>&nbsp;<\/p>\n<p><a href=\"https:\/\/www.dockaas.nl\/de\">https:\/\/www.dockaas.nl\/de<\/a> ist eine Website von DOC Kaas GmbH und kann wie folgt erreicht werden:<\/p>\n<p>Postanschrift: Buitenvaart 4001, 7905 TC, Hoogeveen, die Niederlanden<\/p>\n<p>Handelskammer Nummer: 59262729<\/p>\n<p>Telefon: \u00a00031 528 280440<\/p>\n<p>E-Mail-Adresse: <a href=\"mailto:info@dockaas.nl\">info@dockaas.nl<\/a><\/p>\n<p>&nbsp;<\/p>\n<p><em><strong>Datenschutzerkl\u00e4rung anpassen<\/strong><\/em><\/p>\n<p>DOC Kaas GmbH beh\u00e4lt sich das Recht vor, diese Datenschutzerkl\u00e4rung zu \u00e4ndern. \u00c4nderungen werden auf dieser Website ver\u00f6ffentlicht.<\/p>\n\n        <\/div>\n        \n        \n            <\/div>\n\n            <\/section>\n","protected":false},"excerpt":{"rendered":"","protected":false},"author":2,"featured_media":0,"parent":0,"menu_order":0,"comment_status":"closed","ping_status":"closed","template":"","meta":{"_acf_changed":false,"footnotes":""},"class_list":["post-2758","page","type-page","status-publish","hentry"],"acf":[],"yoast_head":"<!-- This site is optimized with the Yoast SEO plugin v27.2 - https:\/\/yoast.com\/product\/yoast-seo-wordpress\/ -->\n<title>Datenschutzerkl\u00e4rung &#8211; DOC Kaas B.V.<\/title>\n<meta name=\"robots\" content=\"index, follow, max-snippet:-1, max-image-preview:large, max-video-preview:-1\" \/>\n<link rel=\"canonical\" href=\"https:\/\/dockaasbv.nl\/de\/datenschutzerklaerung\/\" \/>\n<meta property=\"og:locale\" content=\"de_DE\" \/>\n<meta property=\"og:type\" content=\"article\" \/>\n<meta property=\"og:title\" content=\"Datenschutzerkl\u00e4rung &#8211; DOC Kaas B.V.\" \/>\n<meta property=\"og:url\" content=\"https:\/\/dockaasbv.nl\/de\/datenschutzerklaerung\/\" \/>\n<meta property=\"og:site_name\" content=\"DOC Kaas B.V.\" \/>\n<meta property=\"article:modified_time\" content=\"2022-05-06T13:32:17+00:00\" \/>\n<meta name=\"twitter:card\" content=\"summary_large_image\" \/>\n<script type=\"application\/ld+json\" class=\"yoast-schema-graph\">{\"@context\":\"https:\/\/schema.org\",\"@graph\":[{\"@type\":\"WebPage\",\"@id\":\"https:\/\/dockaasbv.nl\/de\/datenschutzerklaerung\/\",\"url\":\"https:\/\/dockaasbv.nl\/de\/datenschutzerklaerung\/\",\"name\":\"Datenschutzerkl\u00e4rung &#8211; DOC Kaas B.V.\",\"isPartOf\":{\"@id\":\"https:\/\/dockaasbv.nl\/#website\"},\"datePublished\":\"2022-05-06T13:20:22+00:00\",\"dateModified\":\"2022-05-06T13:32:17+00:00\",\"breadcrumb\":{\"@id\":\"https:\/\/dockaasbv.nl\/de\/datenschutzerklaerung\/#breadcrumb\"},\"inLanguage\":\"de-DE\",\"potentialAction\":[{\"@type\":\"ReadAction\",\"target\":[\"https:\/\/dockaasbv.nl\/de\/datenschutzerklaerung\/\"]}]},{\"@type\":\"BreadcrumbList\",\"@id\":\"https:\/\/dockaasbv.nl\/de\/datenschutzerklaerung\/#breadcrumb\",\"itemListElement\":[{\"@type\":\"ListItem\",\"position\":1,\"name\":\"Home\",\"item\":\"https:\/\/dockaasbv.nl\/de\/\"},{\"@type\":\"ListItem\",\"position\":2,\"name\":\"Datenschutzerkl\u00e4rung\"}]},{\"@type\":\"WebSite\",\"@id\":\"https:\/\/dockaasbv.nl\/#website\",\"url\":\"https:\/\/dockaasbv.nl\/\",\"name\":\"DOC Kaas B.V.\",\"description\":\"Kaasmaken kunnen wij  als geen ander!\",\"publisher\":{\"@id\":\"https:\/\/dockaasbv.nl\/#organization\"},\"potentialAction\":[{\"@type\":\"SearchAction\",\"target\":{\"@type\":\"EntryPoint\",\"urlTemplate\":\"https:\/\/dockaasbv.nl\/?s={search_term_string}\"},\"query-input\":{\"@type\":\"PropertyValueSpecification\",\"valueRequired\":true,\"valueName\":\"search_term_string\"}}],\"inLanguage\":\"de-DE\"},{\"@type\":\"Organization\",\"@id\":\"https:\/\/dockaasbv.nl\/#organization\",\"name\":\"DOC Kaas BV\",\"url\":\"https:\/\/dockaasbv.nl\/\",\"logo\":{\"@type\":\"ImageObject\",\"inLanguage\":\"de-DE\",\"@id\":\"https:\/\/dockaasbv.nl\/#\/schema\/logo\/image\/\",\"url\":\"https:\/\/dockaas.nl\/app\/uploads\/sites\/2\/2022\/04\/favicon.png\",\"contentUrl\":\"https:\/\/dockaas.nl\/app\/uploads\/sites\/2\/2022\/04\/favicon.png\",\"width\":500,\"height\":500,\"caption\":\"DOC Kaas BV\"},\"image\":{\"@id\":\"https:\/\/dockaasbv.nl\/#\/schema\/logo\/image\/\"}}]}<\/script>\n<!-- \/ Yoast SEO plugin. -->","yoast_head_json":{"title":"Datenschutzerkl\u00e4rung &#8211; DOC Kaas B.V.","robots":{"index":"index","follow":"follow","max-snippet":"max-snippet:-1","max-image-preview":"max-image-preview:large","max-video-preview":"max-video-preview:-1"},"canonical":"https:\/\/dockaasbv.nl\/de\/datenschutzerklaerung\/","og_locale":"de_DE","og_type":"article","og_title":"Datenschutzerkl\u00e4rung &#8211; DOC Kaas B.V.","og_url":"https:\/\/dockaasbv.nl\/de\/datenschutzerklaerung\/","og_site_name":"DOC Kaas B.V.","article_modified_time":"2022-05-06T13:32:17+00:00","twitter_card":"summary_large_image","schema":{"@context":"https:\/\/schema.org","@graph":[{"@type":"WebPage","@id":"https:\/\/dockaasbv.nl\/de\/datenschutzerklaerung\/","url":"https:\/\/dockaasbv.nl\/de\/datenschutzerklaerung\/","name":"Datenschutzerkl\u00e4rung &#8211; DOC Kaas B.V.","isPartOf":{"@id":"https:\/\/dockaasbv.nl\/#website"},"datePublished":"2022-05-06T13:20:22+00:00","dateModified":"2022-05-06T13:32:17+00:00","breadcrumb":{"@id":"https:\/\/dockaasbv.nl\/de\/datenschutzerklaerung\/#breadcrumb"},"inLanguage":"de-DE","potentialAction":[{"@type":"ReadAction","target":["https:\/\/dockaasbv.nl\/de\/datenschutzerklaerung\/"]}]},{"@type":"BreadcrumbList","@id":"https:\/\/dockaasbv.nl\/de\/datenschutzerklaerung\/#breadcrumb","itemListElement":[{"@type":"ListItem","position":1,"name":"Home","item":"https:\/\/dockaasbv.nl\/de\/"},{"@type":"ListItem","position":2,"name":"Datenschutzerkl\u00e4rung"}]},{"@type":"WebSite","@id":"https:\/\/dockaasbv.nl\/#website","url":"https:\/\/dockaasbv.nl\/","name":"DOC Kaas B.V.","description":"Kaasmaken kunnen wij  als geen ander!","publisher":{"@id":"https:\/\/dockaasbv.nl\/#organization"},"potentialAction":[{"@type":"SearchAction","target":{"@type":"EntryPoint","urlTemplate":"https:\/\/dockaasbv.nl\/?s={search_term_string}"},"query-input":{"@type":"PropertyValueSpecification","valueRequired":true,"valueName":"search_term_string"}}],"inLanguage":"de-DE"},{"@type":"Organization","@id":"https:\/\/dockaasbv.nl\/#organization","name":"DOC Kaas BV","url":"https:\/\/dockaasbv.nl\/","logo":{"@type":"ImageObject","inLanguage":"de-DE","@id":"https:\/\/dockaasbv.nl\/#\/schema\/logo\/image\/","url":"https:\/\/dockaas.nl\/app\/uploads\/sites\/2\/2022\/04\/favicon.png","contentUrl":"https:\/\/dockaas.nl\/app\/uploads\/sites\/2\/2022\/04\/favicon.png","width":500,"height":500,"caption":"DOC Kaas BV"},"image":{"@id":"https:\/\/dockaasbv.nl\/#\/schema\/logo\/image\/"}}]}},"_links":{"self":[{"href":"https:\/\/dockaasbv.nl\/de\/wp-json\/wp\/v2\/pages\/2758","targetHints":{"allow":["GET"]}}],"collection":[{"href":"https:\/\/dockaasbv.nl\/de\/wp-json\/wp\/v2\/pages"}],"about":[{"href":"https:\/\/dockaasbv.nl\/de\/wp-json\/wp\/v2\/types\/page"}],"author":[{"embeddable":true,"href":"https:\/\/dockaasbv.nl\/de\/wp-json\/wp\/v2\/users\/2"}],"replies":[{"embeddable":true,"href":"https:\/\/dockaasbv.nl\/de\/wp-json\/wp\/v2\/comments?post=2758"}],"version-history":[{"count":2,"href":"https:\/\/dockaasbv.nl\/de\/wp-json\/wp\/v2\/pages\/2758\/revisions"}],"predecessor-version":[{"id":2761,"href":"https:\/\/dockaasbv.nl\/de\/wp-json\/wp\/v2\/pages\/2758\/revisions\/2761"}],"wp:attachment":[{"href":"https:\/\/dockaasbv.nl\/de\/wp-json\/wp\/v2\/media?parent=2758"}],"curies":[{"name":"wp","href":"https:\/\/api.w.org\/{rel}","templated":true}]}}