{"id":976,"date":"2022-04-12T11:25:48","date_gmt":"2022-04-12T11:25:48","guid":{"rendered":"https:\/\/dockaasbv.nl\/ueber-uns\/die-zuivelpark\/"},"modified":"2022-04-19T11:03:39","modified_gmt":"2022-04-19T11:03:39","slug":"die-zuivelpark","status":"publish","type":"page","link":"https:\/\/dockaasbv.nl\/de\/uber-uns\/unsere-produktionsstandorte\/die-zuivelpark\/","title":{"rendered":"Die Zuivelpark"},"content":{"rendered":"<section style=\"background-image:linear-gradient(to bottom, rgba(0, 116, 170, 0.5), rgba(0, 116, 170, 0.5)),url(' https:\/\/dockaas.nl\/app\/uploads\/sites\/2\/2022\/04\/Luchtfoto-ZPH-DSC_1339-scaled.jpg ');background-repeat:no-repeat;background-size:cover;background-position:center;\"\n    class=\"flex items-center\">\n    <div class=\"top-0 left-0 h-full w-full relative px-4\">\n        <div class=\"container mx-auto text-center lg:text-left pt-40\">\n            <div class=\"hero-title\">\n                                <h1 class=\"text-[2.75rem] md:text-[4rem] leading-tight text-white drop-shadow-xl break-words lg:px-8 lg:border-l-[5px] lg:border-secondary\">\n                    <p>Die <strong>Zuivelpark<\/strong><\/p>\n\n                <\/h1>\n                                \n                \n            <\/div>\n        <\/div>\n\n                <div class=\"container mx-auto py-6 text-white mt-24\">\n            <p id=\"breadcrumbs\"><span><span><a href=\"https:\/\/dockaasbv.nl\/de\/\">Home<\/a><\/span><\/span><\/p>        <\/div>\n        \n    <\/div>\n<\/section>\n\n\n\n<section  class=\"py-16 bg-light\">\n                 \n    <div class=\"w-full lg:w-[55rem] flex flex-col gap-6 content px-4 m-auto\">\n\n                <div class=\"text-primary-light text-[2.75rem] relative after:content[''] after:h-0.5 after:w-24 after:bg-secondary after:absolute after:mt-2 leading-tight break-normal title\">\n            <p>Die Z<strong>uivelpark<\/strong><\/p>\n\n        <\/div>\n        \n                <div class=\"text-grey leading-7 font-light 24px\">\n            <p><span style=\"color: #0d455f;\">Das Besondere am Zuivelpark ist, dass er mehrere Gesch\u00e4ftsbereiche der DMK Group und verschiedene Glieder der K\u00e4sekette beherbergt. Die Anlieferung von Milch, die Herstellung von K\u00e4se und die Verarbeitung von Molke an einem Standort garantieren einen nachhaltigen und kosteneffizienten Prozess.<\/span><\/p>\n<p>&nbsp;<\/p>\n<p>Im Zuivelpark, direkt an der A37, produzieren wir Blockk\u00e4se &#8211; sowohl naturgereift als auch in Folie (ohne Rinde). Unmittelbar neben diesem Produktionsstandort befindet sich die Molkefabrik von <a href=\"https:\/\/www.wheyco.de\/\" target=\"_blank\" rel=\"noopener\">wheyco<\/a>, die ebenfalls zur DMK-Gruppe geh\u00f6rt. Die bei der K\u00e4seherstellung anfallende Molke wird durch eine Pipeline zu dieser Molkefabrik geleitet, wo sie zu Protein- und Laktosepulver verarbeitet wird. Eiwei\u00df- und Laktosepulver sind wichtige Zutaten f\u00fcr Sport-, Di\u00e4t- und Seniorennahrung, aber auch f\u00fcr Backwaren, Schokolade und Tierfutter. \u00a0Da die beiden Produktionsst\u00e4tten &#8220;benachbart&#8221; sind, ist f\u00fcr den Transport der Molke kein G\u00fcterverkehr erforderlich, was zu einem nachhaltigeren Produktionsprozess beitr\u00e4gt.<\/p>\n\n        <\/div>\n        \n        \n            <\/div>\n\n            <\/section>\n\n\n<section  class=\"my-16\">\n    <div class=\"mx-auto grid gap-6 md:grid-cols-2 w-full lg:w-[55rem] px-4\">\n                <img decoding=\"async\" src=\"https:\/\/dockaas.nl\/app\/uploads\/sites\/2\/2022\/04\/het-zuivelpark.jpg\" class=\"w-full object-cover rounded-2xl shadow-lg h-[35rem]\" alt=\"Die Zuivelpark\" \/>\n                <img decoding=\"async\" src=\"https:\/\/dockaas.nl\/app\/uploads\/sites\/2\/2022\/04\/het-zuivelpark2.jpg\" class=\"w-full object-cover rounded-2xl shadow-lg h-[35rem]\" alt=\"Die Zuivelpark\" \/>\n    \n    <\/div>\n<\/section>\n\n\n\n<section  class=\"py-16 bg-light\">\n                 \n    <div class=\"w-full lg:w-[55rem] flex flex-col gap-6 content px-4 m-auto\">\n\n        \n                <div class=\"text-grey leading-7 font-light 24px\">\n            <p>Auf dem Gel\u00e4nde des Zuivelparks gibt es au\u00dferdem zwei Lager, eines f\u00fcr Naturk\u00e4se und eines f\u00fcr Folienk\u00e4se. So sind mehrere wichtige Glieder der K\u00e4sekette an einem Ort untergebracht. Der Zuivelpark beherbergt auch den Hauptsitz von <a href=\"https:\/\/www.dpsupply.com\/\" target=\"_blank\" rel=\"noopener\">DP Supply<\/a> und von Uniekaas Holland B.V. Beide Unternehmen sind ebenfalls Teil der DMK Group.<\/p>\n\n        <\/div>\n        \n        \n            <\/div>\n\n            <\/section>\n\n\n<section  class=\"my-16\">\n    <div class=\"mx-auto pt-4 w-full lg:w-[45rem] px-4 h-80 md:h-[35rem]\">\n    <span class=\"\">\n        <img decoding=\"async\" src=\"https:\/\/dockaas.nl\/app\/uploads\/sites\/2\/2022\/04\/het-zuivelpark3.jpg\" class=\"w-full h-full object-cover relative rounded-2xl shadow-lg\" alt=\"Die Zuivelpark\" \/>\n    <\/span>\n    <\/div>\n<\/section>\n\n","protected":false},"excerpt":{"rendered":"","protected":false},"author":4,"featured_media":361,"parent":1487,"menu_order":0,"comment_status":"closed","ping_status":"closed","template":"","meta":{"_acf_changed":false,"footnotes":""},"class_list":["post-976","page","type-page","status-publish","has-post-thumbnail","hentry"],"acf":[],"yoast_head":"<!-- This site is optimized with the Yoast SEO plugin v27.2 - https:\/\/yoast.com\/product\/yoast-seo-wordpress\/ -->\n<title>Die Zuivelpark &#8211; DOC Kaas B.V.<\/title>\n<meta name=\"robots\" content=\"index, follow, max-snippet:-1, max-image-preview:large, max-video-preview:-1\" \/>\n<link rel=\"canonical\" href=\"https:\/\/dockaasbv.nl\/de\/uber-uns\/unsere-produktionsstandorte\/die-zuivelpark\/\" \/>\n<meta property=\"og:locale\" content=\"de_DE\" \/>\n<meta property=\"og:type\" content=\"article\" \/>\n<meta property=\"og:title\" content=\"Die Zuivelpark &#8211; DOC Kaas B.V.\" \/>\n<meta property=\"og:url\" content=\"https:\/\/dockaasbv.nl\/de\/uber-uns\/unsere-produktionsstandorte\/die-zuivelpark\/\" \/>\n<meta property=\"og:site_name\" content=\"DOC Kaas B.V.\" \/>\n<meta property=\"article:modified_time\" content=\"2022-04-19T11:03:39+00:00\" \/>\n<meta property=\"og:image\" content=\"https:\/\/dockaas.nl\/app\/uploads\/sites\/2\/2022\/04\/Luchtfoto-ZPH-DSC_1339-scaled.jpg\" \/>\n\t<meta property=\"og:image:width\" content=\"2560\" \/>\n\t<meta property=\"og:image:height\" content=\"1707\" \/>\n\t<meta property=\"og:image:type\" content=\"image\/jpeg\" \/>\n<meta name=\"twitter:card\" content=\"summary_large_image\" \/>\n<script type=\"application\/ld+json\" class=\"yoast-schema-graph\">{\"@context\":\"https:\/\/schema.org\",\"@graph\":[{\"@type\":\"WebPage\",\"@id\":\"https:\/\/dockaasbv.nl\/de\/uber-uns\/unsere-produktionsstandorte\/die-zuivelpark\/\",\"url\":\"https:\/\/dockaasbv.nl\/de\/uber-uns\/unsere-produktionsstandorte\/die-zuivelpark\/\",\"name\":\"Die Zuivelpark &#8211; DOC Kaas B.V.\",\"isPartOf\":{\"@id\":\"https:\/\/dockaasbv.nl\/#website\"},\"primaryImageOfPage\":{\"@id\":\"https:\/\/dockaasbv.nl\/de\/uber-uns\/unsere-produktionsstandorte\/die-zuivelpark\/#primaryimage\"},\"image\":{\"@id\":\"https:\/\/dockaasbv.nl\/de\/uber-uns\/unsere-produktionsstandorte\/die-zuivelpark\/#primaryimage\"},\"thumbnailUrl\":\"https:\/\/dockaas.nl\/app\/uploads\/sites\/2\/2022\/04\/Luchtfoto-ZPH-DSC_1339-scaled.jpg\",\"datePublished\":\"2022-04-12T11:25:48+00:00\",\"dateModified\":\"2022-04-19T11:03:39+00:00\",\"breadcrumb\":{\"@id\":\"https:\/\/dockaasbv.nl\/de\/uber-uns\/unsere-produktionsstandorte\/die-zuivelpark\/#breadcrumb\"},\"inLanguage\":\"de-DE\",\"potentialAction\":[{\"@type\":\"ReadAction\",\"target\":[\"https:\/\/dockaasbv.nl\/de\/uber-uns\/unsere-produktionsstandorte\/die-zuivelpark\/\"]}]},{\"@type\":\"ImageObject\",\"inLanguage\":\"de-DE\",\"@id\":\"https:\/\/dockaasbv.nl\/de\/uber-uns\/unsere-produktionsstandorte\/die-zuivelpark\/#primaryimage\",\"url\":\"https:\/\/dockaas.nl\/app\/uploads\/sites\/2\/2022\/04\/Luchtfoto-ZPH-DSC_1339-scaled.jpg\",\"contentUrl\":\"https:\/\/dockaas.nl\/app\/uploads\/sites\/2\/2022\/04\/Luchtfoto-ZPH-DSC_1339-scaled.jpg\",\"width\":2560,\"height\":1707},{\"@type\":\"BreadcrumbList\",\"@id\":\"https:\/\/dockaasbv.nl\/de\/uber-uns\/unsere-produktionsstandorte\/die-zuivelpark\/#breadcrumb\",\"itemListElement\":[{\"@type\":\"ListItem\",\"position\":1,\"name\":\"Home\",\"item\":\"https:\/\/dockaasbv.nl\/de\/\"},{\"@type\":\"ListItem\",\"position\":2,\"name\":\"\u00dcber uns\",\"item\":\"https:\/\/dockaasbv.nl\/de\/uber-uns\/\"},{\"@type\":\"ListItem\",\"position\":3,\"name\":\"Unsere Produktionsstandorte\",\"item\":\"https:\/\/dockaasbv.nl\/de\/uber-uns\/unsere-produktionsstandorte\/\"},{\"@type\":\"ListItem\",\"position\":4,\"name\":\"Die Zuivelpark\"}]},{\"@type\":\"WebSite\",\"@id\":\"https:\/\/dockaasbv.nl\/#website\",\"url\":\"https:\/\/dockaasbv.nl\/\",\"name\":\"DOC Kaas B.V.\",\"description\":\"Kaasmaken kunnen wij  als geen ander!\",\"publisher\":{\"@id\":\"https:\/\/dockaasbv.nl\/#organization\"},\"potentialAction\":[{\"@type\":\"SearchAction\",\"target\":{\"@type\":\"EntryPoint\",\"urlTemplate\":\"https:\/\/dockaasbv.nl\/?s={search_term_string}\"},\"query-input\":{\"@type\":\"PropertyValueSpecification\",\"valueRequired\":true,\"valueName\":\"search_term_string\"}}],\"inLanguage\":\"de-DE\"},{\"@type\":\"Organization\",\"@id\":\"https:\/\/dockaasbv.nl\/#organization\",\"name\":\"DOC Kaas BV\",\"url\":\"https:\/\/dockaasbv.nl\/\",\"logo\":{\"@type\":\"ImageObject\",\"inLanguage\":\"de-DE\",\"@id\":\"https:\/\/dockaasbv.nl\/#\/schema\/logo\/image\/\",\"url\":\"https:\/\/dockaas.nl\/app\/uploads\/sites\/2\/2022\/04\/favicon.png\",\"contentUrl\":\"https:\/\/dockaas.nl\/app\/uploads\/sites\/2\/2022\/04\/favicon.png\",\"width\":500,\"height\":500,\"caption\":\"DOC Kaas BV\"},\"image\":{\"@id\":\"https:\/\/dockaasbv.nl\/#\/schema\/logo\/image\/\"}}]}<\/script>\n<!-- \/ Yoast SEO plugin. -->","yoast_head_json":{"title":"Die Zuivelpark &#8211; DOC Kaas B.V.","robots":{"index":"index","follow":"follow","max-snippet":"max-snippet:-1","max-image-preview":"max-image-preview:large","max-video-preview":"max-video-preview:-1"},"canonical":"https:\/\/dockaasbv.nl\/de\/uber-uns\/unsere-produktionsstandorte\/die-zuivelpark\/","og_locale":"de_DE","og_type":"article","og_title":"Die Zuivelpark &#8211; DOC Kaas B.V.","og_url":"https:\/\/dockaasbv.nl\/de\/uber-uns\/unsere-produktionsstandorte\/die-zuivelpark\/","og_site_name":"DOC Kaas B.V.","article_modified_time":"2022-04-19T11:03:39+00:00","og_image":[{"width":2560,"height":1707,"url":"https:\/\/dockaas.nl\/app\/uploads\/sites\/2\/2022\/04\/Luchtfoto-ZPH-DSC_1339-scaled.jpg","type":"image\/jpeg"}],"twitter_card":"summary_large_image","schema":{"@context":"https:\/\/schema.org","@graph":[{"@type":"WebPage","@id":"https:\/\/dockaasbv.nl\/de\/uber-uns\/unsere-produktionsstandorte\/die-zuivelpark\/","url":"https:\/\/dockaasbv.nl\/de\/uber-uns\/unsere-produktionsstandorte\/die-zuivelpark\/","name":"Die Zuivelpark &#8211; DOC Kaas B.V.","isPartOf":{"@id":"https:\/\/dockaasbv.nl\/#website"},"primaryImageOfPage":{"@id":"https:\/\/dockaasbv.nl\/de\/uber-uns\/unsere-produktionsstandorte\/die-zuivelpark\/#primaryimage"},"image":{"@id":"https:\/\/dockaasbv.nl\/de\/uber-uns\/unsere-produktionsstandorte\/die-zuivelpark\/#primaryimage"},"thumbnailUrl":"https:\/\/dockaas.nl\/app\/uploads\/sites\/2\/2022\/04\/Luchtfoto-ZPH-DSC_1339-scaled.jpg","datePublished":"2022-04-12T11:25:48+00:00","dateModified":"2022-04-19T11:03:39+00:00","breadcrumb":{"@id":"https:\/\/dockaasbv.nl\/de\/uber-uns\/unsere-produktionsstandorte\/die-zuivelpark\/#breadcrumb"},"inLanguage":"de-DE","potentialAction":[{"@type":"ReadAction","target":["https:\/\/dockaasbv.nl\/de\/uber-uns\/unsere-produktionsstandorte\/die-zuivelpark\/"]}]},{"@type":"ImageObject","inLanguage":"de-DE","@id":"https:\/\/dockaasbv.nl\/de\/uber-uns\/unsere-produktionsstandorte\/die-zuivelpark\/#primaryimage","url":"https:\/\/dockaas.nl\/app\/uploads\/sites\/2\/2022\/04\/Luchtfoto-ZPH-DSC_1339-scaled.jpg","contentUrl":"https:\/\/dockaas.nl\/app\/uploads\/sites\/2\/2022\/04\/Luchtfoto-ZPH-DSC_1339-scaled.jpg","width":2560,"height":1707},{"@type":"BreadcrumbList","@id":"https:\/\/dockaasbv.nl\/de\/uber-uns\/unsere-produktionsstandorte\/die-zuivelpark\/#breadcrumb","itemListElement":[{"@type":"ListItem","position":1,"name":"Home","item":"https:\/\/dockaasbv.nl\/de\/"},{"@type":"ListItem","position":2,"name":"\u00dcber uns","item":"https:\/\/dockaasbv.nl\/de\/uber-uns\/"},{"@type":"ListItem","position":3,"name":"Unsere Produktionsstandorte","item":"https:\/\/dockaasbv.nl\/de\/uber-uns\/unsere-produktionsstandorte\/"},{"@type":"ListItem","position":4,"name":"Die Zuivelpark"}]},{"@type":"WebSite","@id":"https:\/\/dockaasbv.nl\/#website","url":"https:\/\/dockaasbv.nl\/","name":"DOC Kaas B.V.","description":"Kaasmaken kunnen wij  als geen ander!","publisher":{"@id":"https:\/\/dockaasbv.nl\/#organization"},"potentialAction":[{"@type":"SearchAction","target":{"@type":"EntryPoint","urlTemplate":"https:\/\/dockaasbv.nl\/?s={search_term_string}"},"query-input":{"@type":"PropertyValueSpecification","valueRequired":true,"valueName":"search_term_string"}}],"inLanguage":"de-DE"},{"@type":"Organization","@id":"https:\/\/dockaasbv.nl\/#organization","name":"DOC Kaas BV","url":"https:\/\/dockaasbv.nl\/","logo":{"@type":"ImageObject","inLanguage":"de-DE","@id":"https:\/\/dockaasbv.nl\/#\/schema\/logo\/image\/","url":"https:\/\/dockaas.nl\/app\/uploads\/sites\/2\/2022\/04\/favicon.png","contentUrl":"https:\/\/dockaas.nl\/app\/uploads\/sites\/2\/2022\/04\/favicon.png","width":500,"height":500,"caption":"DOC Kaas BV"},"image":{"@id":"https:\/\/dockaasbv.nl\/#\/schema\/logo\/image\/"}}]}},"_links":{"self":[{"href":"https:\/\/dockaasbv.nl\/de\/wp-json\/wp\/v2\/pages\/976","targetHints":{"allow":["GET"]}}],"collection":[{"href":"https:\/\/dockaasbv.nl\/de\/wp-json\/wp\/v2\/pages"}],"about":[{"href":"https:\/\/dockaasbv.nl\/de\/wp-json\/wp\/v2\/types\/page"}],"author":[{"embeddable":true,"href":"https:\/\/dockaasbv.nl\/de\/wp-json\/wp\/v2\/users\/4"}],"replies":[{"embeddable":true,"href":"https:\/\/dockaasbv.nl\/de\/wp-json\/wp\/v2\/comments?post=976"}],"version-history":[{"count":6,"href":"https:\/\/dockaasbv.nl\/de\/wp-json\/wp\/v2\/pages\/976\/revisions"}],"predecessor-version":[{"id":984,"href":"https:\/\/dockaasbv.nl\/de\/wp-json\/wp\/v2\/pages\/976\/revisions\/984"}],"up":[{"embeddable":true,"href":"https:\/\/dockaasbv.nl\/de\/wp-json\/wp\/v2\/pages\/1487"}],"wp:featuredmedia":[{"embeddable":true,"href":"https:\/\/dockaasbv.nl\/de\/wp-json\/wp\/v2\/media\/361"}],"wp:attachment":[{"href":"https:\/\/dockaasbv.nl\/de\/wp-json\/wp\/v2\/media?parent=976"}],"curies":[{"name":"wp","href":"https:\/\/api.w.org\/{rel}","templated":true}]}}