{"id":989,"date":"2022-04-12T11:25:27","date_gmt":"2022-04-12T11:25:27","guid":{"rendered":"https:\/\/dockaasbv.nl\/?page_id=989"},"modified":"2022-04-19T12:35:55","modified_gmt":"2022-04-19T12:35:55","slug":"alteveerstraat","status":"publish","type":"page","link":"https:\/\/dockaasbv.nl\/de\/uber-uns\/unsere-produktionsstandorte\/alteveerstraat\/","title":{"rendered":"Alteveerstraat"},"content":{"rendered":"<section style=\"background-image:linear-gradient(to bottom, rgba(0, 116, 170, 0.5), rgba(0, 116, 170, 0.5)),url(' https:\/\/dockaas.nl\/app\/uploads\/sites\/2\/2022\/04\/Luchtfoto-ZPH-DSC_1339-scaled.jpg ');background-repeat:no-repeat;background-size:cover;background-position:center;\"\n    class=\"flex items-center\">\n    <div class=\"top-0 left-0 h-full w-full relative px-4\">\n        <div class=\"container mx-auto text-center lg:text-left pt-40\">\n            <div class=\"hero-title\">\n                                <h1 class=\"text-[2.75rem] md:text-[4rem] leading-tight text-white drop-shadow-xl break-words lg:px-8 lg:border-l-[5px] lg:border-secondary\">\n                    <p><strong>Alteveerstraat<\/strong><\/p>\n\n                <\/h1>\n                                \n                \n            <\/div>\n        <\/div>\n\n                <div class=\"container mx-auto py-6 text-white mt-24\">\n            <p id=\"breadcrumbs\"><span><span><a href=\"https:\/\/dockaasbv.nl\/de\/\">Home<\/a><\/span><\/span><\/p>        <\/div>\n        \n    <\/div>\n<\/section>\n\n\n\n<section  class=\"py-16 bg-light\">\n                 \n    <div class=\"w-full lg:w-[55rem] flex flex-col gap-6 content px-4 m-auto\">\n\n                <div class=\"text-primary-light text-[2.75rem] relative after:content[''] after:h-0.5 after:w-24 after:bg-secondary after:absolute after:mt-2 leading-tight break-normal title\">\n            <p>Die <strong>Alteveerstraat<\/strong><\/p>\n\n        <\/div>\n        \n                <div class=\"text-grey leading-7 font-light 24px\">\n            <p><span style=\"color: #0d455f;\">An der Alteveerstraat in Hoogeveen steht die urspr\u00fcngliche DOC Kaas-Fabrik, die 1896 in Betrieb genommen wurde. Die reiche Geschichte des monumentalen Geb\u00e4udes ist mit technologisch modernen Maschinen verwoben. Neues und Altes treffen in der Fabrik eindrucksvoll aufeinander. An diesem Standort stellen wir die so genannten Laibe (Rundk\u00e4se) her und verarbeiten die freiwerdende Molke (Nebenprodukt) selbst zu Molkekonzentrat und Molkepulver.<\/span><\/p>\n\n        <\/div>\n        \n        \n            <\/div>\n\n            <\/section>\n\n\n<section  class=\"my-16\">\n    <div class=\"mx-auto pt-4 w-full lg:w-[45rem] px-4 h-80 md:h-[35rem]\">\n    <span class=\"\">\n        <img decoding=\"async\" src=\"https:\/\/dockaas.nl\/app\/uploads\/sites\/2\/2022\/04\/alteveer.jpg\" class=\"w-full h-full object-cover relative rounded-2xl shadow-lg\" alt=\"Alteveerstraat\" \/>\n    <\/span>\n    <\/div>\n<\/section>\n\n\n\n<section  class=\"py-16 bg-light\">\n                 \n    <div class=\"w-full lg:w-[55rem] flex flex-col gap-6 content px-4 m-auto\">\n\n        \n                <div class=\"text-grey leading-7 font-light 24px\">\n            <p>In der Alteveerstraat stellen wir haupts\u00e4chlich nat\u00fcrlich gereiften K\u00e4se her. Da mehrere kleinere Milchtanks vorhanden sind, ist es m\u00f6glich, verschiedene Arten von Milchstr\u00f6men zu trennen, z. B. Wiesenmilch und VLOG-Milch (frei von genetisch ver\u00e4nderten Organismen). Aus diesem Grund ist der Produktionsstandort an der Alteveerstraat besser f\u00fcr K\u00e4sespezialit\u00e4ten geeignet. An der Alteveerstraat gibt es drei Entladestellen f\u00fcr Tankschiffe.<\/p>\n<p>&nbsp;<\/p>\n<p>Wir d\u00e4mpfen und pulverisieren auch die Molke selbst. Mit einer Konzentration von drei\u00dfig Prozent ist die Molke viel kompakter, was den Transport von der Alteveerstraat f\u00fcr dieses Produkt erleichtert. Das Wasser, das aus der Molke gewonnen wird, wird teilweise als Prozesswasser wiederverwendet, was zu einem nachhaltigen Produktionsprozess beitr\u00e4gt.<\/p>\n\n        <\/div>\n        \n        \n            <\/div>\n\n            <\/section>\n","protected":false},"excerpt":{"rendered":"","protected":false},"author":2,"featured_media":361,"parent":1487,"menu_order":0,"comment_status":"closed","ping_status":"closed","template":"","meta":{"_acf_changed":false,"footnotes":""},"class_list":["post-989","page","type-page","status-publish","has-post-thumbnail","hentry"],"acf":[],"yoast_head":"<!-- This site is optimized with the Yoast SEO plugin v27.2 - https:\/\/yoast.com\/product\/yoast-seo-wordpress\/ -->\n<title>Alteveerstraat &#8211; DOC Kaas B.V.<\/title>\n<meta name=\"robots\" content=\"index, follow, max-snippet:-1, max-image-preview:large, max-video-preview:-1\" \/>\n<link rel=\"canonical\" href=\"https:\/\/dockaasbv.nl\/de\/alteveerstraat\/\" \/>\n<meta property=\"og:locale\" content=\"de_DE\" \/>\n<meta property=\"og:type\" content=\"article\" \/>\n<meta property=\"og:title\" content=\"Alteveerstraat &#8211; DOC Kaas B.V.\" \/>\n<meta property=\"og:url\" content=\"https:\/\/dockaasbv.nl\/de\/alteveerstraat\/\" \/>\n<meta property=\"og:site_name\" content=\"DOC Kaas B.V.\" \/>\n<meta property=\"article:modified_time\" content=\"2022-04-19T12:35:55+00:00\" \/>\n<meta property=\"og:image\" content=\"https:\/\/dockaas.nl\/app\/uploads\/sites\/2\/2022\/04\/Luchtfoto-ZPH-DSC_1339-scaled.jpg\" \/>\n\t<meta property=\"og:image:width\" content=\"2560\" \/>\n\t<meta property=\"og:image:height\" content=\"1707\" \/>\n\t<meta property=\"og:image:type\" content=\"image\/jpeg\" \/>\n<meta name=\"twitter:card\" content=\"summary_large_image\" \/>\n<script type=\"application\/ld+json\" class=\"yoast-schema-graph\">{\"@context\":\"https:\/\/schema.org\",\"@graph\":[{\"@type\":\"WebPage\",\"@id\":\"https:\/\/dockaasbv.nl\/de\/alteveerstraat\/\",\"url\":\"https:\/\/dockaasbv.nl\/de\/alteveerstraat\/\",\"name\":\"Alteveerstraat &#8211; DOC Kaas B.V.\",\"isPartOf\":{\"@id\":\"https:\/\/dockaasbv.nl\/#website\"},\"primaryImageOfPage\":{\"@id\":\"https:\/\/dockaasbv.nl\/de\/alteveerstraat\/#primaryimage\"},\"image\":{\"@id\":\"https:\/\/dockaasbv.nl\/de\/alteveerstraat\/#primaryimage\"},\"thumbnailUrl\":\"https:\/\/dockaas.nl\/app\/uploads\/sites\/2\/2022\/04\/Luchtfoto-ZPH-DSC_1339-scaled.jpg\",\"datePublished\":\"2022-04-12T11:25:27+00:00\",\"dateModified\":\"2022-04-19T12:35:55+00:00\",\"breadcrumb\":{\"@id\":\"https:\/\/dockaasbv.nl\/de\/alteveerstraat\/#breadcrumb\"},\"inLanguage\":\"de-DE\",\"potentialAction\":[{\"@type\":\"ReadAction\",\"target\":[\"https:\/\/dockaasbv.nl\/de\/alteveerstraat\/\"]}]},{\"@type\":\"ImageObject\",\"inLanguage\":\"de-DE\",\"@id\":\"https:\/\/dockaasbv.nl\/de\/alteveerstraat\/#primaryimage\",\"url\":\"https:\/\/dockaas.nl\/app\/uploads\/sites\/2\/2022\/04\/Luchtfoto-ZPH-DSC_1339-scaled.jpg\",\"contentUrl\":\"https:\/\/dockaas.nl\/app\/uploads\/sites\/2\/2022\/04\/Luchtfoto-ZPH-DSC_1339-scaled.jpg\",\"width\":2560,\"height\":1707},{\"@type\":\"BreadcrumbList\",\"@id\":\"https:\/\/dockaasbv.nl\/de\/alteveerstraat\/#breadcrumb\",\"itemListElement\":[{\"@type\":\"ListItem\",\"position\":1,\"name\":\"Home\",\"item\":\"https:\/\/dockaasbv.nl\/de\/\"},{\"@type\":\"ListItem\",\"position\":2,\"name\":\"Alteveerstraat\"}]},{\"@type\":\"WebSite\",\"@id\":\"https:\/\/dockaasbv.nl\/#website\",\"url\":\"https:\/\/dockaasbv.nl\/\",\"name\":\"DOC Kaas B.V.\",\"description\":\"Kaasmaken kunnen wij  als geen ander!\",\"publisher\":{\"@id\":\"https:\/\/dockaasbv.nl\/#organization\"},\"potentialAction\":[{\"@type\":\"SearchAction\",\"target\":{\"@type\":\"EntryPoint\",\"urlTemplate\":\"https:\/\/dockaasbv.nl\/?s={search_term_string}\"},\"query-input\":{\"@type\":\"PropertyValueSpecification\",\"valueRequired\":true,\"valueName\":\"search_term_string\"}}],\"inLanguage\":\"de-DE\"},{\"@type\":\"Organization\",\"@id\":\"https:\/\/dockaasbv.nl\/#organization\",\"name\":\"DOC Kaas BV\",\"url\":\"https:\/\/dockaasbv.nl\/\",\"logo\":{\"@type\":\"ImageObject\",\"inLanguage\":\"de-DE\",\"@id\":\"https:\/\/dockaasbv.nl\/#\/schema\/logo\/image\/\",\"url\":\"https:\/\/dockaas.nl\/app\/uploads\/sites\/2\/2022\/04\/favicon.png\",\"contentUrl\":\"https:\/\/dockaas.nl\/app\/uploads\/sites\/2\/2022\/04\/favicon.png\",\"width\":500,\"height\":500,\"caption\":\"DOC Kaas BV\"},\"image\":{\"@id\":\"https:\/\/dockaasbv.nl\/#\/schema\/logo\/image\/\"}}]}<\/script>\n<!-- \/ Yoast SEO plugin. -->","yoast_head_json":{"title":"Alteveerstraat &#8211; DOC Kaas B.V.","robots":{"index":"index","follow":"follow","max-snippet":"max-snippet:-1","max-image-preview":"max-image-preview:large","max-video-preview":"max-video-preview:-1"},"canonical":"https:\/\/dockaasbv.nl\/de\/alteveerstraat\/","og_locale":"de_DE","og_type":"article","og_title":"Alteveerstraat &#8211; DOC Kaas B.V.","og_url":"https:\/\/dockaasbv.nl\/de\/alteveerstraat\/","og_site_name":"DOC Kaas B.V.","article_modified_time":"2022-04-19T12:35:55+00:00","og_image":[{"width":2560,"height":1707,"url":"https:\/\/dockaas.nl\/app\/uploads\/sites\/2\/2022\/04\/Luchtfoto-ZPH-DSC_1339-scaled.jpg","type":"image\/jpeg"}],"twitter_card":"summary_large_image","schema":{"@context":"https:\/\/schema.org","@graph":[{"@type":"WebPage","@id":"https:\/\/dockaasbv.nl\/de\/alteveerstraat\/","url":"https:\/\/dockaasbv.nl\/de\/alteveerstraat\/","name":"Alteveerstraat &#8211; DOC Kaas B.V.","isPartOf":{"@id":"https:\/\/dockaasbv.nl\/#website"},"primaryImageOfPage":{"@id":"https:\/\/dockaasbv.nl\/de\/alteveerstraat\/#primaryimage"},"image":{"@id":"https:\/\/dockaasbv.nl\/de\/alteveerstraat\/#primaryimage"},"thumbnailUrl":"https:\/\/dockaas.nl\/app\/uploads\/sites\/2\/2022\/04\/Luchtfoto-ZPH-DSC_1339-scaled.jpg","datePublished":"2022-04-12T11:25:27+00:00","dateModified":"2022-04-19T12:35:55+00:00","breadcrumb":{"@id":"https:\/\/dockaasbv.nl\/de\/alteveerstraat\/#breadcrumb"},"inLanguage":"de-DE","potentialAction":[{"@type":"ReadAction","target":["https:\/\/dockaasbv.nl\/de\/alteveerstraat\/"]}]},{"@type":"ImageObject","inLanguage":"de-DE","@id":"https:\/\/dockaasbv.nl\/de\/alteveerstraat\/#primaryimage","url":"https:\/\/dockaas.nl\/app\/uploads\/sites\/2\/2022\/04\/Luchtfoto-ZPH-DSC_1339-scaled.jpg","contentUrl":"https:\/\/dockaas.nl\/app\/uploads\/sites\/2\/2022\/04\/Luchtfoto-ZPH-DSC_1339-scaled.jpg","width":2560,"height":1707},{"@type":"BreadcrumbList","@id":"https:\/\/dockaasbv.nl\/de\/alteveerstraat\/#breadcrumb","itemListElement":[{"@type":"ListItem","position":1,"name":"Home","item":"https:\/\/dockaasbv.nl\/de\/"},{"@type":"ListItem","position":2,"name":"Alteveerstraat"}]},{"@type":"WebSite","@id":"https:\/\/dockaasbv.nl\/#website","url":"https:\/\/dockaasbv.nl\/","name":"DOC Kaas B.V.","description":"Kaasmaken kunnen wij  als geen ander!","publisher":{"@id":"https:\/\/dockaasbv.nl\/#organization"},"potentialAction":[{"@type":"SearchAction","target":{"@type":"EntryPoint","urlTemplate":"https:\/\/dockaasbv.nl\/?s={search_term_string}"},"query-input":{"@type":"PropertyValueSpecification","valueRequired":true,"valueName":"search_term_string"}}],"inLanguage":"de-DE"},{"@type":"Organization","@id":"https:\/\/dockaasbv.nl\/#organization","name":"DOC Kaas BV","url":"https:\/\/dockaasbv.nl\/","logo":{"@type":"ImageObject","inLanguage":"de-DE","@id":"https:\/\/dockaasbv.nl\/#\/schema\/logo\/image\/","url":"https:\/\/dockaas.nl\/app\/uploads\/sites\/2\/2022\/04\/favicon.png","contentUrl":"https:\/\/dockaas.nl\/app\/uploads\/sites\/2\/2022\/04\/favicon.png","width":500,"height":500,"caption":"DOC Kaas BV"},"image":{"@id":"https:\/\/dockaasbv.nl\/#\/schema\/logo\/image\/"}}]}},"_links":{"self":[{"href":"https:\/\/dockaasbv.nl\/de\/wp-json\/wp\/v2\/pages\/989","targetHints":{"allow":["GET"]}}],"collection":[{"href":"https:\/\/dockaasbv.nl\/de\/wp-json\/wp\/v2\/pages"}],"about":[{"href":"https:\/\/dockaasbv.nl\/de\/wp-json\/wp\/v2\/types\/page"}],"author":[{"embeddable":true,"href":"https:\/\/dockaasbv.nl\/de\/wp-json\/wp\/v2\/users\/2"}],"replies":[{"embeddable":true,"href":"https:\/\/dockaasbv.nl\/de\/wp-json\/wp\/v2\/comments?post=989"}],"version-history":[{"count":1,"href":"https:\/\/dockaasbv.nl\/de\/wp-json\/wp\/v2\/pages\/989\/revisions"}],"predecessor-version":[{"id":990,"href":"https:\/\/dockaasbv.nl\/de\/wp-json\/wp\/v2\/pages\/989\/revisions\/990"}],"up":[{"embeddable":true,"href":"https:\/\/dockaasbv.nl\/de\/wp-json\/wp\/v2\/pages\/1487"}],"wp:featuredmedia":[{"embeddable":true,"href":"https:\/\/dockaasbv.nl\/de\/wp-json\/wp\/v2\/media\/361"}],"wp:attachment":[{"href":"https:\/\/dockaasbv.nl\/de\/wp-json\/wp\/v2\/media?parent=989"}],"curies":[{"name":"wp","href":"https:\/\/api.w.org\/{rel}","templated":true}]}}